{"id":15,"date":"2018-03-06T12:23:21","date_gmt":"2018-03-06T12:23:21","guid":{"rendered":"http:\/\/physio-eis.de\/?page_id=15"},"modified":"2018-03-09T07:48:22","modified_gmt":"2018-03-09T07:48:22","slug":"behandlungsindikationen","status":"publish","type":"page","link":"https:\/\/physio-eis.de\/?page_id=15","title":{"rendered":"Behandlungsindikationen"},"content":{"rendered":"<p style=\"text-align: center;\"><span style=\"font-family: arial, helvetica, sans-serif; font-size: 14pt;\">Hier finden Sie eine\u00a0 Auswahl der <strong><u>h\u00e4ufigsten Krankheitsbilder<\/u><\/strong>, bei denen ich \u00a0durch eine gezielte Behandlung, die entsprechenden \u00a0Beschwerden entweder lindern oder ganz beseitigen kann:<\/span><\/p>\n<p style=\"text-align: center;\"><span style=\"font-family: arial, helvetica, sans-serif; font-size: 14pt;\"><strong><u>Orthop\u00e4dische Beschwerden: <\/u><\/strong><\/span><\/p>\n<p style=\"text-align: center;\"><span style=\"font-family: arial, helvetica, sans-serif; font-size: 14pt;\">&#8211; R\u00fcckenbeschwerden (z.B. Schleudertrauma, Hexenschuss, Ischias, usw.)<\/span><\/p>\n<p style=\"text-align: center;\"><span style=\"font-family: arial, helvetica, sans-serif; font-size: 14pt;\">&#8211; Haltungsst\u00f6rungen (z.B. Beckenschiefstand, Wirbels\u00e4ulenverkr\u00fcmmung\/Skoliosen)<br \/>\n<\/span><\/p>\n<p style=\"text-align: center;\"><span style=\"font-family: arial, helvetica, sans-serif; font-size: 14pt;\">&#8211; Schulter- Nacken- Beschwerden<\/span><\/p>\n<p style=\"text-align: center;\"><span style=\"font-family: arial, helvetica, sans-serif; font-size: 14pt;\">&#8211; Gelenkprobleme ( z.B. H\u00fcft- Knie-arthrosen, Kniebeschwerden, Ellenbogen<\/span><span style=\"font-family: arial, helvetica, sans-serif; font-size: 14pt;\">)<\/span><\/p>\n<p style=\"text-align: center;\"><span style=\"font-family: arial, helvetica, sans-serif; font-size: 14pt;\">&#8211; Karpaltunnel<\/span><\/p>\n<p style=\"text-align: center;\"><span style=\"font-family: arial, helvetica, sans-serif; font-size: 14pt;\">\u00a0&#8211; Sehnen- und Bandverletzungen (z.B. \u00a0Achillessehnenentz\u00fcndungen, Tennisarm<\/span><span style=\"font-family: arial, helvetica, sans-serif; font-size: 14pt;\">)<\/span><\/p>\n<p style=\"text-align: center;\"><span style=\"font-family: arial, helvetica, sans-serif; font-size: 14pt;\"><strong><u>Neurologische Erkrankungen:<\/u><\/strong><\/span><\/p>\n<p style=\"text-align: center;\"><span style=\"font-family: arial, helvetica, sans-serif; font-size: 14pt;\">Z.n. Schlaganfall \/ <\/span><span style=\"font-family: arial, helvetica, sans-serif; font-size: 14pt;\">Parkinson \/ <\/span><span style=\"font-family: arial, helvetica, sans-serif; font-size: 14pt;\">MS \/ <\/span><span style=\"font-family: arial, helvetica, sans-serif; font-size: 14pt;\">Polyneuropathie<\/span><\/p>\n<p style=\"text-align: center;\"><span style=\"font-family: arial, helvetica, sans-serif; font-size: 14pt;\"><strong><u>Internistische Erkrankungen\/ Beschwerden:<\/u><\/strong><\/span><\/p>\n<p style=\"text-align: center;\"><span style=\"font-family: arial, helvetica, sans-serif; font-size: 14pt;\">Verdauungsst\u00f6rungen \/ <\/span><span style=\"font-family: arial, helvetica, sans-serif; font-size: 14pt;\">Sodbrennen \/ <\/span><span style=\"font-family: arial, helvetica, sans-serif; font-size: 14pt;\">Atemwegserkrankungen<\/span><\/p>\n<p style=\"text-align: center;\"><span style=\"font-family: arial, helvetica, sans-serif; font-size: 14pt;\"><strong><u>Kiefergelenksbeschwerden:<\/u><\/strong><\/span><\/p>\n<p style=\"text-align: center;\"><span style=\"font-family: arial, helvetica, sans-serif; font-size: 14pt;\">-Z\u00e4hneknirschen \/ <\/span><span style=\"font-family: arial, helvetica, sans-serif; font-size: 14pt;\">Bissst\u00f6rungen \/ <\/span><span style=\"font-family: arial, helvetica, sans-serif; font-size: 14pt;\">Kieferknacken \/ <\/span><span style=\"font-family: arial, helvetica, sans-serif; font-size: 14pt;\">Kiefersperre <\/span><\/p>\n<p style=\"text-align: center;\"><span style=\"font-family: arial, helvetica, sans-serif; font-size: 14pt;\">nach Zahnbehandlungen<\/span><\/p>\n<p style=\"text-align: center;\"><span style=\"font-family: arial, helvetica, sans-serif; font-size: 14pt;\"><strong><u>Nachbehandlung nach Operationen, Traumata und Unf\u00e4llen<\/u><\/strong><\/span><\/p>\n<p style=\"text-align: center;\"><span style=\"font-family: arial, helvetica, sans-serif; font-size: 14pt;\"><strong><u>Behandlung von Kindern und Jugendlichen<\/u><\/strong><\/span><\/p>\n<p style=\"text-align: center;\"><span style=\"font-family: arial, helvetica, sans-serif; font-size: 14pt;\">&#8211; Schwangerschaftsbeschwerden \/ Probleme nach der Geburt<\/span><\/p>\n<p style=\"text-align: center;\"><span style=\"font-family: arial, helvetica, sans-serif; font-size: 14pt;\">&#8211; Kopfschmerz oder Migr\u00e4ne<\/span><\/p>\n<p style=\"text-align: center;\"><span style=\"font-family: arial, helvetica, sans-serif; font-size: 14pt;\">&#8211; Schwindel<\/span><\/p>\n<p style=\"text-align: center;\"><span style=\"font-family: arial, helvetica, sans-serif; font-size: 14pt;\">&#8211; Tinnitus<\/span><\/p>\n<p style=\"text-align: center;\"><span style=\"font-family: arial, helvetica, sans-serif; font-size: 14pt;\">&#8211; Schlafst\u00f6rungen<\/span><\/p>\n<p style=\"text-align: center;\"><span style=\"font-family: arial, helvetica, sans-serif; font-size: 14pt;\">\u00a0-Sportverletzungen<\/span><\/p>\n<p style=\"text-align: center;\"><span style=\"font-family: arial, helvetica, sans-serif; font-size: 14pt;\">&#8211; Stressbeschwerden, Verspannungen, psychische Unausgeglichenheiten<\/span><\/p>\n<p style=\"text-align: center;\"><span style=\"font-family: arial, helvetica, sans-serif; font-size: 14pt;\"><strong>und vieles mehr\u2026<\/strong><\/span><\/p>\n","protected":false},"excerpt":{"rendered":"<p>Hier finden Sie eine\u00a0 Auswahl der h\u00e4ufigsten Krankheitsbilder, bei denen ich \u00a0durch eine gezielte Behandlung, die entsprechenden \u00a0Beschwerden entweder lindern oder ganz beseitigen kann: Orthop\u00e4dische [&hellip;] <span class=\"read-more-link\"><a class=\"read-more\" href=\"https:\/\/physio-eis.de\/?page_id=15\">Read More<\/a><\/span><\/p>\n","protected":false},"author":1,"featured_media":0,"parent":0,"menu_order":4,"comment_status":"closed","ping_status":"closed","template":"","meta":[],"_links":{"self":[{"href":"https:\/\/physio-eis.de\/index.php?rest_route=\/wp\/v2\/pages\/15"}],"collection":[{"href":"https:\/\/physio-eis.de\/index.php?rest_route=\/wp\/v2\/pages"}],"about":[{"href":"https:\/\/physio-eis.de\/index.php?rest_route=\/wp\/v2\/types\/page"}],"author":[{"embeddable":true,"href":"https:\/\/physio-eis.de\/index.php?rest_route=\/wp\/v2\/users\/1"}],"replies":[{"embeddable":true,"href":"https:\/\/physio-eis.de\/index.php?rest_route=%2Fwp%2Fv2%2Fcomments&post=15"}],"version-history":[{"count":13,"href":"https:\/\/physio-eis.de\/index.php?rest_route=\/wp\/v2\/pages\/15\/revisions"}],"predecessor-version":[{"id":211,"href":"https:\/\/physio-eis.de\/index.php?rest_route=\/wp\/v2\/pages\/15\/revisions\/211"}],"wp:attachment":[{"href":"https:\/\/physio-eis.de\/index.php?rest_route=%2Fwp%2Fv2%2Fmedia&parent=15"}],"curies":[{"name":"wp","href":"https:\/\/api.w.org\/{rel}","templated":true}]}}